{"id":3,"date":"2025-09-05T09:23:36","date_gmt":"2025-09-05T09:23:36","guid":{"rendered":"http:\/\/globalpenal.com\/?page_id=3"},"modified":"2026-02-05T12:04:52","modified_gmt":"2026-02-05T12:04:52","slug":"privacy-policy","status":"publish","type":"page","link":"https:\/\/globalpenal.com\/index.php\/privacy-policy\/","title":{"rendered":"Aviso legal"},"content":{"rendered":"\n<h2 class=\"wp-block-heading\">Aviso Legal<\/h2>\n\n\n\n<p>El presente sitio web <a href=\"https:\/\/www.globalpenal.com\">www.globalpenal.com<\/a> es operado por <strong>Elisenda Massa<\/strong>, abogada colegiada en el Ilustre Colegio de Abogados de [Ciudad] con n\u00famero de colegiado [XXXXXX], con domicilio en [Direcci\u00f3n completa], correo electr\u00f3nico <a href=\"mailto:info@globalpenal.com\">info@globalpenal.com<\/a>.<\/p>\n\n\n\n<p>El objetivo de este sitio web es proporcionar informaci\u00f3n general sobre los servicios legales ofrecidos. La informaci\u00f3n contenida en este sitio no constituye asesoramiento legal personalizado.<\/p>\n\n\n\n<h3 class=\"wp-block-heading\">Propiedad intelectual<\/h3>\n\n\n\n<p>Todos los contenidos, im\u00e1genes, textos, logotipos y marcas de este sitio web son propiedad de Elisenda Massa o se utilizan con autorizaci\u00f3n. Queda prohibida su reproducci\u00f3n total o parcial sin consentimiento expreso.<\/p>\n\n\n\n<h3 class=\"wp-block-heading\">Responsabilidad<\/h3>\n\n\n\n<p>Elisenda Massa no se hace responsable de da\u00f1os o perjuicios derivados del acceso o uso de esta web, ni de contenidos de terceros a los que pueda enlazar.<\/p>\n\n\n\n<h3 class=\"wp-block-heading\">Ley aplicable y jurisdicci\u00f3n<\/h3>\n\n\n\n<p>Las condiciones de este Aviso Legal se rigen por la legislaci\u00f3n espa\u00f1ola, siendo competentes los tribunales de [Ciudad] para cualquier controversia.<\/p>\n","protected":false},"excerpt":{"rendered":"<p>Aviso Legal El presente sitio web www.globalpenal.com es operado por Elisenda Massa, abogada colegiada en el Ilustre Colegio de Abogados de [Ciudad] con n\u00famero de colegiado [XXXXXX], con domicilio en [Direcci\u00f3n completa], correo electr\u00f3nico info@globalpenal.com. El objetivo de este sitio web es proporcionar informaci\u00f3n general sobre los servicios legales ofrecidos. La informaci\u00f3n contenida en este &#8230; <a title=\"Aviso legal\" class=\"read-more\" href=\"https:\/\/globalpenal.com\/index.php\/privacy-policy\/\" aria-label=\"Leer m\u00e1s sobre Aviso legal\">Leer m\u00e1s<\/a><\/p>\n","protected":false},"author":1,"featured_media":0,"parent":0,"menu_order":0,"comment_status":"closed","ping_status":"open","template":"","meta":{"sfsi_plus_gutenberg_text_before_share":"","sfsi_plus_gutenberg_show_text_before_share":"","sfsi_plus_gutenberg_icon_type":"","sfsi_plus_gutenberg_icon_alignemt":"","sfsi_plus_gutenburg_max_per_row":"","_joinchat":[],"footnotes":""},"class_list":["post-3","page","type-page","status-publish"],"yoast_head":"<!-- This site is optimized with the Yoast SEO plugin v26.9 - https:\/\/yoast.com\/product\/yoast-seo-wordpress\/ -->\n<title>Aviso legal - Global Penal<\/title>\n<meta name=\"robots\" content=\"noindex, nofollow\" \/>\n<meta property=\"og:locale\" content=\"es_ES\" \/>\n<meta property=\"og:type\" content=\"article\" \/>\n<meta property=\"og:title\" content=\"Aviso legal - Global Penal\" \/>\n<meta property=\"og:description\" content=\"Aviso Legal El presente sitio web www.globalpenal.com es operado por Elisenda Massa, abogada colegiada en el Ilustre Colegio de Abogados de [Ciudad] con n\u00famero de colegiado [XXXXXX], con domicilio en [Direcci\u00f3n completa], correo electr\u00f3nico info@globalpenal.com. El objetivo de este sitio web es proporcionar informaci\u00f3n general sobre los servicios legales ofrecidos. La informaci\u00f3n contenida en este ... Leer m\u00e1s\" \/>\n<meta property=\"og:url\" content=\"https:\/\/globalpenal.com\/index.php\/privacy-policy\/\" \/>\n<meta property=\"og:site_name\" content=\"Global Penal\" \/>\n<meta property=\"article:modified_time\" content=\"2026-02-05T12:04:52+00:00\" \/>\n<meta name=\"twitter:card\" content=\"summary_large_image\" \/>\n<meta name=\"twitter:label1\" content=\"Tiempo de lectura\" \/>\n\t<meta name=\"twitter:data1\" content=\"1 minuto\" \/>\n<script type=\"application\/ld+json\" class=\"yoast-schema-graph\">{\"@context\":\"https:\/\/schema.org\",\"@graph\":[{\"@type\":\"WebPage\",\"@id\":\"https:\/\/globalpenal.com\/index.php\/privacy-policy\/\",\"url\":\"https:\/\/globalpenal.com\/index.php\/privacy-policy\/\",\"name\":\"Aviso legal - Global Penal\",\"isPartOf\":{\"@id\":\"https:\/\/globalpenal.com\/#website\"},\"datePublished\":\"2025-09-05T09:23:36+00:00\",\"dateModified\":\"2026-02-05T12:04:52+00:00\",\"breadcrumb\":{\"@id\":\"https:\/\/globalpenal.com\/index.php\/privacy-policy\/#breadcrumb\"},\"inLanguage\":\"es\",\"potentialAction\":[{\"@type\":\"ReadAction\",\"target\":[\"https:\/\/globalpenal.com\/index.php\/privacy-policy\/\"]}]},{\"@type\":\"BreadcrumbList\",\"@id\":\"https:\/\/globalpenal.com\/index.php\/privacy-policy\/#breadcrumb\",\"itemListElement\":[{\"@type\":\"ListItem\",\"position\":1,\"name\":\"Portada\",\"item\":\"https:\/\/globalpenal.com\/\"},{\"@type\":\"ListItem\",\"position\":2,\"name\":\"Aviso legal\"}]},{\"@type\":\"WebSite\",\"@id\":\"https:\/\/globalpenal.com\/#website\",\"url\":\"https:\/\/globalpenal.com\/\",\"name\":\"Global Penal\",\"description\":\"Asesoria on-line de defensa penal y segundas opiniones\",\"publisher\":{\"@id\":\"https:\/\/globalpenal.com\/#organization\"},\"potentialAction\":[{\"@type\":\"SearchAction\",\"target\":{\"@type\":\"EntryPoint\",\"urlTemplate\":\"https:\/\/globalpenal.com\/?s={search_term_string}\"},\"query-input\":{\"@type\":\"PropertyValueSpecification\",\"valueRequired\":true,\"valueName\":\"search_term_string\"}}],\"inLanguage\":\"es\"},{\"@type\":\"Organization\",\"@id\":\"https:\/\/globalpenal.com\/#organization\",\"name\":\"Global Penal\",\"url\":\"https:\/\/globalpenal.com\/\",\"logo\":{\"@type\":\"ImageObject\",\"inLanguage\":\"es\",\"@id\":\"https:\/\/globalpenal.com\/#\/schema\/logo\/image\/\",\"url\":\"https:\/\/globalpenal.com\/wp-content\/uploads\/2025\/10\/right-4926156_1280.jpg\",\"contentUrl\":\"https:\/\/globalpenal.com\/wp-content\/uploads\/2025\/10\/right-4926156_1280.jpg\",\"width\":1280,\"height\":853,\"caption\":\"Global Penal\"},\"image\":{\"@id\":\"https:\/\/globalpenal.com\/#\/schema\/logo\/image\/\"},\"sameAs\":[\"https:\/\/www.linkedin.com\/in\/elisenda-massa-6b673449\/\",\"https:\/\/www.instagram.com\/emassa_abogados\/\"]}]}<\/script>\n<!-- \/ Yoast SEO plugin. -->","yoast_head_json":{"title":"Aviso legal - Global Penal","robots":{"index":"noindex","follow":"nofollow"},"og_locale":"es_ES","og_type":"article","og_title":"Aviso legal - Global Penal","og_description":"Aviso Legal El presente sitio web www.globalpenal.com es operado por Elisenda Massa, abogada colegiada en el Ilustre Colegio de Abogados de [Ciudad] con n\u00famero de colegiado [XXXXXX], con domicilio en [Direcci\u00f3n completa], correo electr\u00f3nico info@globalpenal.com. El objetivo de este sitio web es proporcionar informaci\u00f3n general sobre los servicios legales ofrecidos. La informaci\u00f3n contenida en este ... Leer m\u00e1s","og_url":"https:\/\/globalpenal.com\/index.php\/privacy-policy\/","og_site_name":"Global Penal","article_modified_time":"2026-02-05T12:04:52+00:00","twitter_card":"summary_large_image","twitter_misc":{"Tiempo de lectura":"1 minuto"},"schema":{"@context":"https:\/\/schema.org","@graph":[{"@type":"WebPage","@id":"https:\/\/globalpenal.com\/index.php\/privacy-policy\/","url":"https:\/\/globalpenal.com\/index.php\/privacy-policy\/","name":"Aviso legal - Global Penal","isPartOf":{"@id":"https:\/\/globalpenal.com\/#website"},"datePublished":"2025-09-05T09:23:36+00:00","dateModified":"2026-02-05T12:04:52+00:00","breadcrumb":{"@id":"https:\/\/globalpenal.com\/index.php\/privacy-policy\/#breadcrumb"},"inLanguage":"es","potentialAction":[{"@type":"ReadAction","target":["https:\/\/globalpenal.com\/index.php\/privacy-policy\/"]}]},{"@type":"BreadcrumbList","@id":"https:\/\/globalpenal.com\/index.php\/privacy-policy\/#breadcrumb","itemListElement":[{"@type":"ListItem","position":1,"name":"Portada","item":"https:\/\/globalpenal.com\/"},{"@type":"ListItem","position":2,"name":"Aviso legal"}]},{"@type":"WebSite","@id":"https:\/\/globalpenal.com\/#website","url":"https:\/\/globalpenal.com\/","name":"Global Penal","description":"Asesoria on-line de defensa penal y segundas opiniones","publisher":{"@id":"https:\/\/globalpenal.com\/#organization"},"potentialAction":[{"@type":"SearchAction","target":{"@type":"EntryPoint","urlTemplate":"https:\/\/globalpenal.com\/?s={search_term_string}"},"query-input":{"@type":"PropertyValueSpecification","valueRequired":true,"valueName":"search_term_string"}}],"inLanguage":"es"},{"@type":"Organization","@id":"https:\/\/globalpenal.com\/#organization","name":"Global Penal","url":"https:\/\/globalpenal.com\/","logo":{"@type":"ImageObject","inLanguage":"es","@id":"https:\/\/globalpenal.com\/#\/schema\/logo\/image\/","url":"https:\/\/globalpenal.com\/wp-content\/uploads\/2025\/10\/right-4926156_1280.jpg","contentUrl":"https:\/\/globalpenal.com\/wp-content\/uploads\/2025\/10\/right-4926156_1280.jpg","width":1280,"height":853,"caption":"Global Penal"},"image":{"@id":"https:\/\/globalpenal.com\/#\/schema\/logo\/image\/"},"sameAs":["https:\/\/www.linkedin.com\/in\/elisenda-massa-6b673449\/","https:\/\/www.instagram.com\/emassa_abogados\/"]}]}},"_links":{"self":[{"href":"https:\/\/globalpenal.com\/index.php\/wp-json\/wp\/v2\/pages\/3","targetHints":{"allow":["GET"]}}],"collection":[{"href":"https:\/\/globalpenal.com\/index.php\/wp-json\/wp\/v2\/pages"}],"about":[{"href":"https:\/\/globalpenal.com\/index.php\/wp-json\/wp\/v2\/types\/page"}],"author":[{"embeddable":true,"href":"https:\/\/globalpenal.com\/index.php\/wp-json\/wp\/v2\/users\/1"}],"replies":[{"embeddable":true,"href":"https:\/\/globalpenal.com\/index.php\/wp-json\/wp\/v2\/comments?post=3"}],"version-history":[{"count":1,"href":"https:\/\/globalpenal.com\/index.php\/wp-json\/wp\/v2\/pages\/3\/revisions"}],"predecessor-version":[{"id":28,"href":"https:\/\/globalpenal.com\/index.php\/wp-json\/wp\/v2\/pages\/3\/revisions\/28"}],"wp:attachment":[{"href":"https:\/\/globalpenal.com\/index.php\/wp-json\/wp\/v2\/media?parent=3"}],"curies":[{"name":"wp","href":"https:\/\/api.w.org\/{rel}","templated":true}]}}