{"id":31,"date":"2025-10-08T16:32:56","date_gmt":"2025-10-08T16:32:56","guid":{"rendered":"http:\/\/globalpenal.com\/?page_id=31"},"modified":"2026-02-05T12:05:21","modified_gmt":"2026-02-05T12:05:21","slug":"politica-de-cookies","status":"publish","type":"page","link":"https:\/\/globalpenal.com\/index.php\/politica-de-cookies\/","title":{"rendered":"Pol\u00edtica de Cookies"},"content":{"rendered":"\n<h2 class=\"wp-block-heading\">Pol\u00edtica de Cookies<\/h2>\n\n\n\n<p>Este sitio web utiliza cookies propias y de terceros para mejorar la experiencia del usuario, analizar estad\u00edsticas de navegaci\u00f3n y ofrecer contenido personalizado.<\/p>\n\n\n\n<h3 class=\"wp-block-heading\">Tipos de cookies<\/h3>\n\n\n\n<ul class=\"wp-block-list\">\n<li><strong>Cookies t\u00e9cnicas:<\/strong> necesarias para el funcionamiento de la web.<\/li>\n\n\n\n<li><strong>Cookies de an\u00e1lisis:<\/strong> para medir la actividad del sitio y mejorar su rendimiento.<\/li>\n\n\n\n<li><strong>Cookies de publicidad o marketing:<\/strong> para mostrar anuncios adaptados a tus intereses.<\/li>\n<\/ul>\n\n\n\n<h3 class=\"wp-block-heading\">Consentimiento<\/h3>\n\n\n\n<p>Al navegar por la web, aceptas el uso de cookies. Puedes configurar, aceptar o rechazar cookies mediante las opciones de tu navegador o del aviso de cookies que aparece en la web.<\/p>\n\n\n\n<h3 class=\"wp-block-heading\">Gesti\u00f3n de cookies<\/h3>\n\n\n\n<p>Para m\u00e1s informaci\u00f3n sobre c\u00f3mo deshabilitar o eliminar cookies, visita <a href=\"https:\/\/www.aboutcookies.org\">https:\/\/www.aboutcookies.org<\/a>.<\/p>\n","protected":false},"excerpt":{"rendered":"<p>Pol\u00edtica de Cookies Este sitio web utiliza cookies propias y de terceros para mejorar la experiencia del usuario, analizar estad\u00edsticas de navegaci\u00f3n y ofrecer contenido personalizado. Tipos de cookies Consentimiento Al navegar por la web, aceptas el uso de cookies. Puedes configurar, aceptar o rechazar cookies mediante las opciones de tu navegador o del aviso &#8230; <a title=\"Pol\u00edtica de Cookies\" class=\"read-more\" href=\"https:\/\/globalpenal.com\/index.php\/politica-de-cookies\/\" aria-label=\"Leer m\u00e1s sobre Pol\u00edtica de Cookies\">Leer m\u00e1s<\/a><\/p>\n","protected":false},"author":1,"featured_media":0,"parent":0,"menu_order":0,"comment_status":"closed","ping_status":"closed","template":"","meta":{"sfsi_plus_gutenberg_text_before_share":"","sfsi_plus_gutenberg_show_text_before_share":"","sfsi_plus_gutenberg_icon_type":"","sfsi_plus_gutenberg_icon_alignemt":"","sfsi_plus_gutenburg_max_per_row":"","_joinchat":[],"footnotes":""},"class_list":["post-31","page","type-page","status-publish"],"yoast_head":"<!-- This site is optimized with the Yoast SEO plugin v26.9 - https:\/\/yoast.com\/product\/yoast-seo-wordpress\/ -->\n<title>Pol\u00edtica de Cookies - Global Penal<\/title>\n<meta name=\"robots\" content=\"noindex, nofollow\" \/>\n<meta property=\"og:locale\" content=\"es_ES\" \/>\n<meta property=\"og:type\" content=\"article\" \/>\n<meta property=\"og:title\" content=\"Pol\u00edtica de Cookies - Global Penal\" \/>\n<meta property=\"og:description\" content=\"Pol\u00edtica de Cookies Este sitio web utiliza cookies propias y de terceros para mejorar la experiencia del usuario, analizar estad\u00edsticas de navegaci\u00f3n y ofrecer contenido personalizado. Tipos de cookies Consentimiento Al navegar por la web, aceptas el uso de cookies. Puedes configurar, aceptar o rechazar cookies mediante las opciones de tu navegador o del aviso ... Leer m\u00e1s\" \/>\n<meta property=\"og:url\" content=\"https:\/\/globalpenal.com\/index.php\/politica-de-cookies\/\" \/>\n<meta property=\"og:site_name\" content=\"Global Penal\" \/>\n<meta property=\"article:modified_time\" content=\"2026-02-05T12:05:21+00:00\" \/>\n<meta name=\"twitter:card\" content=\"summary_large_image\" \/>\n<meta name=\"twitter:label1\" content=\"Tiempo de lectura\" \/>\n\t<meta name=\"twitter:data1\" content=\"1 minuto\" \/>\n<script type=\"application\/ld+json\" class=\"yoast-schema-graph\">{\"@context\":\"https:\/\/schema.org\",\"@graph\":[{\"@type\":\"WebPage\",\"@id\":\"https:\/\/globalpenal.com\/index.php\/politica-de-cookies\/\",\"url\":\"https:\/\/globalpenal.com\/index.php\/politica-de-cookies\/\",\"name\":\"Pol\u00edtica de Cookies - Global Penal\",\"isPartOf\":{\"@id\":\"https:\/\/globalpenal.com\/#website\"},\"datePublished\":\"2025-10-08T16:32:56+00:00\",\"dateModified\":\"2026-02-05T12:05:21+00:00\",\"breadcrumb\":{\"@id\":\"https:\/\/globalpenal.com\/index.php\/politica-de-cookies\/#breadcrumb\"},\"inLanguage\":\"es\",\"potentialAction\":[{\"@type\":\"ReadAction\",\"target\":[\"https:\/\/globalpenal.com\/index.php\/politica-de-cookies\/\"]}]},{\"@type\":\"BreadcrumbList\",\"@id\":\"https:\/\/globalpenal.com\/index.php\/politica-de-cookies\/#breadcrumb\",\"itemListElement\":[{\"@type\":\"ListItem\",\"position\":1,\"name\":\"Portada\",\"item\":\"https:\/\/globalpenal.com\/\"},{\"@type\":\"ListItem\",\"position\":2,\"name\":\"Pol\u00edtica de Cookies\"}]},{\"@type\":\"WebSite\",\"@id\":\"https:\/\/globalpenal.com\/#website\",\"url\":\"https:\/\/globalpenal.com\/\",\"name\":\"Global Penal\",\"description\":\"Asesoria on-line de defensa penal y segundas opiniones\",\"publisher\":{\"@id\":\"https:\/\/globalpenal.com\/#organization\"},\"potentialAction\":[{\"@type\":\"SearchAction\",\"target\":{\"@type\":\"EntryPoint\",\"urlTemplate\":\"https:\/\/globalpenal.com\/?s={search_term_string}\"},\"query-input\":{\"@type\":\"PropertyValueSpecification\",\"valueRequired\":true,\"valueName\":\"search_term_string\"}}],\"inLanguage\":\"es\"},{\"@type\":\"Organization\",\"@id\":\"https:\/\/globalpenal.com\/#organization\",\"name\":\"Global Penal\",\"url\":\"https:\/\/globalpenal.com\/\",\"logo\":{\"@type\":\"ImageObject\",\"inLanguage\":\"es\",\"@id\":\"https:\/\/globalpenal.com\/#\/schema\/logo\/image\/\",\"url\":\"https:\/\/globalpenal.com\/wp-content\/uploads\/2025\/10\/right-4926156_1280.jpg\",\"contentUrl\":\"https:\/\/globalpenal.com\/wp-content\/uploads\/2025\/10\/right-4926156_1280.jpg\",\"width\":1280,\"height\":853,\"caption\":\"Global Penal\"},\"image\":{\"@id\":\"https:\/\/globalpenal.com\/#\/schema\/logo\/image\/\"},\"sameAs\":[\"https:\/\/www.linkedin.com\/in\/elisenda-massa-6b673449\/\",\"https:\/\/www.instagram.com\/emassa_abogados\/\"]}]}<\/script>\n<!-- \/ Yoast SEO plugin. -->","yoast_head_json":{"title":"Pol\u00edtica de Cookies - Global Penal","robots":{"index":"noindex","follow":"nofollow"},"og_locale":"es_ES","og_type":"article","og_title":"Pol\u00edtica de Cookies - Global Penal","og_description":"Pol\u00edtica de Cookies Este sitio web utiliza cookies propias y de terceros para mejorar la experiencia del usuario, analizar estad\u00edsticas de navegaci\u00f3n y ofrecer contenido personalizado. Tipos de cookies Consentimiento Al navegar por la web, aceptas el uso de cookies. Puedes configurar, aceptar o rechazar cookies mediante las opciones de tu navegador o del aviso ... Leer m\u00e1s","og_url":"https:\/\/globalpenal.com\/index.php\/politica-de-cookies\/","og_site_name":"Global Penal","article_modified_time":"2026-02-05T12:05:21+00:00","twitter_card":"summary_large_image","twitter_misc":{"Tiempo de lectura":"1 minuto"},"schema":{"@context":"https:\/\/schema.org","@graph":[{"@type":"WebPage","@id":"https:\/\/globalpenal.com\/index.php\/politica-de-cookies\/","url":"https:\/\/globalpenal.com\/index.php\/politica-de-cookies\/","name":"Pol\u00edtica de Cookies - Global Penal","isPartOf":{"@id":"https:\/\/globalpenal.com\/#website"},"datePublished":"2025-10-08T16:32:56+00:00","dateModified":"2026-02-05T12:05:21+00:00","breadcrumb":{"@id":"https:\/\/globalpenal.com\/index.php\/politica-de-cookies\/#breadcrumb"},"inLanguage":"es","potentialAction":[{"@type":"ReadAction","target":["https:\/\/globalpenal.com\/index.php\/politica-de-cookies\/"]}]},{"@type":"BreadcrumbList","@id":"https:\/\/globalpenal.com\/index.php\/politica-de-cookies\/#breadcrumb","itemListElement":[{"@type":"ListItem","position":1,"name":"Portada","item":"https:\/\/globalpenal.com\/"},{"@type":"ListItem","position":2,"name":"Pol\u00edtica de Cookies"}]},{"@type":"WebSite","@id":"https:\/\/globalpenal.com\/#website","url":"https:\/\/globalpenal.com\/","name":"Global Penal","description":"Asesoria on-line de defensa penal y segundas opiniones","publisher":{"@id":"https:\/\/globalpenal.com\/#organization"},"potentialAction":[{"@type":"SearchAction","target":{"@type":"EntryPoint","urlTemplate":"https:\/\/globalpenal.com\/?s={search_term_string}"},"query-input":{"@type":"PropertyValueSpecification","valueRequired":true,"valueName":"search_term_string"}}],"inLanguage":"es"},{"@type":"Organization","@id":"https:\/\/globalpenal.com\/#organization","name":"Global Penal","url":"https:\/\/globalpenal.com\/","logo":{"@type":"ImageObject","inLanguage":"es","@id":"https:\/\/globalpenal.com\/#\/schema\/logo\/image\/","url":"https:\/\/globalpenal.com\/wp-content\/uploads\/2025\/10\/right-4926156_1280.jpg","contentUrl":"https:\/\/globalpenal.com\/wp-content\/uploads\/2025\/10\/right-4926156_1280.jpg","width":1280,"height":853,"caption":"Global Penal"},"image":{"@id":"https:\/\/globalpenal.com\/#\/schema\/logo\/image\/"},"sameAs":["https:\/\/www.linkedin.com\/in\/elisenda-massa-6b673449\/","https:\/\/www.instagram.com\/emassa_abogados\/"]}]}},"_links":{"self":[{"href":"https:\/\/globalpenal.com\/index.php\/wp-json\/wp\/v2\/pages\/31","targetHints":{"allow":["GET"]}}],"collection":[{"href":"https:\/\/globalpenal.com\/index.php\/wp-json\/wp\/v2\/pages"}],"about":[{"href":"https:\/\/globalpenal.com\/index.php\/wp-json\/wp\/v2\/types\/page"}],"author":[{"embeddable":true,"href":"https:\/\/globalpenal.com\/index.php\/wp-json\/wp\/v2\/users\/1"}],"replies":[{"embeddable":true,"href":"https:\/\/globalpenal.com\/index.php\/wp-json\/wp\/v2\/comments?post=31"}],"version-history":[{"count":1,"href":"https:\/\/globalpenal.com\/index.php\/wp-json\/wp\/v2\/pages\/31\/revisions"}],"predecessor-version":[{"id":32,"href":"https:\/\/globalpenal.com\/index.php\/wp-json\/wp\/v2\/pages\/31\/revisions\/32"}],"wp:attachment":[{"href":"https:\/\/globalpenal.com\/index.php\/wp-json\/wp\/v2\/media?parent=31"}],"curies":[{"name":"wp","href":"https:\/\/api.w.org\/{rel}","templated":true}]}}